{"id":1966,"date":"2021-08-23T05:31:26","date_gmt":"2021-08-23T05:31:26","guid":{"rendered":"https:\/\/www.hairaffair.si\/?page_id=1966"},"modified":"2025-11-23T10:38:53","modified_gmt":"2025-11-23T09:38:53","slug":"cenik","status":"publish","type":"page","link":"https:\/\/www.hairaffair.si\/?page_id=1966","title":{"rendered":"CENIK"},"content":{"rendered":"\t\t<div data-elementor-type=\"wp-page\" data-elementor-id=\"1966\" class=\"elementor elementor-1966\" data-elementor-settings=\"[]\">\n\t\t\t\t\t\t<div class=\"elementor-inner\">\n\t\t\t\t\t\t\t<div class=\"elementor-section-wrap\">\n\t\t\t\t\t\t\t<section class=\"elementor-section elementor-top-section elementor-element elementor-element-c450d26 elementor-section-boxed elementor-section-height-default elementor-section-height-default\" data-id=\"c450d26\" data-element_type=\"section\" data-settings=\"{&quot;background_background&quot;:&quot;classic&quot;}\">\n\t\t\t\t\t\t<div class=\"elementor-container elementor-column-gap-default\">\n\t\t\t\t\t\t\t<div class=\"elementor-row\">\n\t\t\t\t\t<div class=\"elementor-column elementor-col-100 elementor-top-column elementor-element elementor-element-e0eab35\" data-id=\"e0eab35\" data-element_type=\"column\">\n\t\t\t<div class=\"elementor-column-wrap elementor-element-populated\">\n\t\t\t\t\t\t\t<div class=\"elementor-widget-wrap\">\n\t\t\t\t\t\t<div class=\"elementor-element elementor-element-7eaab7a elementor-widget elementor-widget-heading\" data-id=\"7eaab7a\" data-element_type=\"widget\" data-widget_type=\"heading.default\">\n\t\t\t\t<div class=\"elementor-widget-container\">\n\t\t\t<h2 class=\"elementor-heading-title elementor-size-default\">STRI\u017dENJE<\/h2>\t\t<\/div>\n\t\t\t\t<\/div>\n\t\t\t\t<div class=\"elementor-element elementor-element-6506631 elementor-widget elementor-widget-html\" data-id=\"6506631\" data-element_type=\"widget\" data-widget_type=\"html.default\">\n\t\t\t\t<div class=\"elementor-widget-container\">\n\t\t\t<table>\n    <tr>\n        <td>\u017densko stri\u017eenje \u2013 kratki lasje<\/td>\n        <td>30\u20ac<\/td>\n    <\/tr>\n        <tr>\n        <td>\u017densko stri\u017eenje \u2013 srednja dol.<\/td>\n        <td>35\u20ac<\/td>\n    <\/tr>\n        <tr>\n        <td>\u017densko stri\u017eenje \u2013 dolgi lasje<\/td>\n        <td>38\u20ac<\/td>\n    <\/tr>\n        <tr>\n            <tr>\n        <td>Fru Fru<\/td>\n        <td>5\u20ac<\/td>\n    <\/tr>\n            <tr>\n        <td>Mo\u0161ko klasi\u010dno stri\u017eenje z umivanjem<\/td>\n        <td>20\u20ac<\/td>\n    <\/tr>\n            <tr>\n        <td>Mo\u0161ko klasi\u010dno stri\u017eenje brez umivanja<\/td>\n        <td>18\u20ac<\/td>\n    <\/tr>\n                <tr>\n        <td>Mo\u0161ko kreativno stri\u017eenje + styling<\/td>\n        <td>22\u20ac<\/td>\n    <\/tr>\n                <tr>\n        <td>Dekli\u0161ko stri\u017eenje 1<\/td>\n        <td>20\u20ac<\/td>\n    <\/tr>\n                <tr>\n        <td>Dekli\u0161ko stri\u017eenje 2<\/td>\n        <td>22\u20ac<\/td>\n    <\/tr>\n    <tr>\n        <td>Dekli\u0161ko stri\u017eenje 3<\/td>\n        <td>28\u20ac<\/td>\n    <\/tr>\n                <tr>\n        <td>Fantovsko stri\u017eenje<\/td>\n        <td>15\u20ac<\/td>\n    <\/tr>\n                <tr>\n        <td>Otro\u0161ko do 6 let<\/td>\n        <td>13\u20ac<\/td>\n    <\/tr>\n<\/table>\t\t<\/div>\n\t\t\t\t<\/div>\n\t\t\t\t<div class=\"elementor-element elementor-element-428b310 elementor-widget-divider--separator-type-pattern elementor-widget-divider--view-line elementor-widget elementor-widget-divider\" data-id=\"428b310\" data-element_type=\"widget\" data-widget_type=\"divider.default\">\n\t\t\t\t<div class=\"elementor-widget-container\">\n\t\t\t\t\t<div class=\"elementor-divider\" style=\"--divider-pattern-url: url(&quot;data:image\/svg+xml,%3Csvg xmlns=&#039;http:\/\/www.w3.org\/2000\/svg&#039; preserveAspectRatio=&#039;none&#039; overflow=&#039;visible&#039; height=&#039;100%&#039; viewBox=&#039;0 0 24 24&#039; fill=&#039;none&#039; stroke=&#039;black&#039; stroke-width=&#039;1&#039; stroke-linecap=&#039;square&#039; stroke-miterlimit=&#039;10&#039;%3E%3Cpath d=&#039;M0,6c6,0,0.9,11.1,6.9,11.1S18,6,24,6&#039;\/%3E%3C\/svg%3E&quot;);\">\n\t\t\t<span class=\"elementor-divider-separator\">\n\t\t\t\t\t\t<\/span>\n\t\t<\/div>\n\t\t\t\t<\/div>\n\t\t\t\t<\/div>\n\t\t\t\t<div class=\"elementor-element elementor-element-52e1919 elementor-widget elementor-widget-heading\" data-id=\"52e1919\" data-element_type=\"widget\" data-widget_type=\"heading.default\">\n\t\t\t\t<div class=\"elementor-widget-container\">\n\t\t\t<h2 class=\"elementor-heading-title elementor-size-default\">STILIRANJE<\/h2>\t\t<\/div>\n\t\t\t\t<\/div>\n\t\t\t\t<div class=\"elementor-element elementor-element-67a9fd5 elementor-widget elementor-widget-html\" data-id=\"67a9fd5\" data-element_type=\"widget\" data-widget_type=\"html.default\">\n\t\t\t\t<div class=\"elementor-widget-container\">\n\t\t\t<table>\n    <tr>\n        <td>Fen - kratki lasje<\/td>\n        <td>16\u20ac<\/td>\n    <\/tr>\n        <tr>\n        <td>Fen - srednja dol\u017eina<\/td>\n        <td>18\u20ac<\/td>\n    <\/tr>\n        <tr>\n        <td>Fen \u2013 dolgi lasje<\/td>\n        <td>20\u20ac<\/td>\n    <\/tr>\n        <tr>\n        <td>Samostojno \u010desanje<\/td>\n        <td>8\u20ac<\/td>\n    <\/tr>\n        <tr>\n        <td>Gladkanje<\/td>\n        <td>8\u20ac<\/td>\n    <\/tr>\n        <tr>\n        <td>Kodranje<\/td>\n        <td>20\u20ac<\/td>\n    <\/tr>\n        <tr>\n        <td>Kitka 1\/2<\/td>\n        <td>6\u20ac\/8\u20ac<\/td>\n    <\/tr>\n        <tr>\n        <td>Lasni podalj\u0161ek za kitke<\/td>\n        <td>15\u20ac<\/td>\n    <\/tr>\n        <tr>\n        <td>Mo\u0161ki - fen + umivanje<\/td>\n        <td>6\u20ac<\/td>\n    <\/tr>\n        <tr>\n        <td>Urejanje brade<\/td>\n        <td>5\u20ac<\/td>\n    <\/tr>\n<\/table>\t\t<\/div>\n\t\t\t\t<\/div>\n\t\t\t\t<div class=\"elementor-element elementor-element-b55568f elementor-widget-divider--separator-type-pattern elementor-widget-divider--view-line elementor-widget elementor-widget-divider\" data-id=\"b55568f\" data-element_type=\"widget\" data-widget_type=\"divider.default\">\n\t\t\t\t<div class=\"elementor-widget-container\">\n\t\t\t\t\t<div class=\"elementor-divider\" style=\"--divider-pattern-url: url(&quot;data:image\/svg+xml,%3Csvg xmlns=&#039;http:\/\/www.w3.org\/2000\/svg&#039; preserveAspectRatio=&#039;none&#039; overflow=&#039;visible&#039; height=&#039;100%&#039; viewBox=&#039;0 0 24 24&#039; fill=&#039;none&#039; stroke=&#039;black&#039; stroke-width=&#039;1&#039; stroke-linecap=&#039;square&#039; stroke-miterlimit=&#039;10&#039;%3E%3Cpath d=&#039;M0,6c6,0,0.9,11.1,6.9,11.1S18,6,24,6&#039;\/%3E%3C\/svg%3E&quot;);\">\n\t\t\t<span class=\"elementor-divider-separator\">\n\t\t\t\t\t\t<\/span>\n\t\t<\/div>\n\t\t\t\t<\/div>\n\t\t\t\t<\/div>\n\t\t\t\t<div class=\"elementor-element elementor-element-08db309 elementor-widget elementor-widget-heading\" data-id=\"08db309\" data-element_type=\"widget\" data-widget_type=\"heading.default\">\n\t\t\t\t<div class=\"elementor-widget-container\">\n\t\t\t<h2 class=\"elementor-heading-title elementor-size-default\">SPENJANJE<\/h2>\t\t<\/div>\n\t\t\t\t<\/div>\n\t\t\t\t<div class=\"elementor-element elementor-element-2737927 elementor-widget elementor-widget-html\" data-id=\"2737927\" data-element_type=\"widget\" data-widget_type=\"html.default\">\n\t\t\t\t<div class=\"elementor-widget-container\">\n\t\t\t<table>\n    <tr>\n        <td>Enostavno<\/td>\n        <td>25\u20ac<\/td>\n    <\/tr>\n        <tr>\n        <td>Srednje zahtevno<\/td>\n        <td>35\u20ac<\/td>\n    <\/tr>\n        <tr>\n        <td>Zahtevno<\/td>\n        <td>50\u20ac<\/td>\n    <\/tr>\n<\/table>\t\t<\/div>\n\t\t\t\t<\/div>\n\t\t\t\t<div class=\"elementor-element elementor-element-c2868e4 elementor-widget-divider--separator-type-pattern elementor-widget-divider--view-line elementor-widget elementor-widget-divider\" data-id=\"c2868e4\" data-element_type=\"widget\" data-widget_type=\"divider.default\">\n\t\t\t\t<div class=\"elementor-widget-container\">\n\t\t\t\t\t<div class=\"elementor-divider\" style=\"--divider-pattern-url: url(&quot;data:image\/svg+xml,%3Csvg xmlns=&#039;http:\/\/www.w3.org\/2000\/svg&#039; preserveAspectRatio=&#039;none&#039; overflow=&#039;visible&#039; height=&#039;100%&#039; viewBox=&#039;0 0 24 24&#039; fill=&#039;none&#039; stroke=&#039;black&#039; stroke-width=&#039;1&#039; stroke-linecap=&#039;square&#039; stroke-miterlimit=&#039;10&#039;%3E%3Cpath d=&#039;M0,6c6,0,0.9,11.1,6.9,11.1S18,6,24,6&#039;\/%3E%3C\/svg%3E&quot;);\">\n\t\t\t<span class=\"elementor-divider-separator\">\n\t\t\t\t\t\t<\/span>\n\t\t<\/div>\n\t\t\t\t<\/div>\n\t\t\t\t<\/div>\n\t\t\t\t<div class=\"elementor-element elementor-element-5597d68 elementor-widget elementor-widget-heading\" data-id=\"5597d68\" data-element_type=\"widget\" data-widget_type=\"heading.default\">\n\t\t\t\t<div class=\"elementor-widget-container\">\n\t\t\t<h2 class=\"elementor-heading-title elementor-size-default\">NEGA LAS IN LASI\u0160\u010cA<\/h2>\t\t<\/div>\n\t\t\t\t<\/div>\n\t\t\t\t<div class=\"elementor-element elementor-element-1dd2b2b elementor-widget elementor-widget-html\" data-id=\"1dd2b2b\" data-element_type=\"widget\" data-widget_type=\"html.default\">\n\t\t\t\t<div class=\"elementor-widget-container\">\n\t\t\t<table>\r\n    <tr>\r\n        <td>Fluid proti prhljaju<\/td>\r\n        <td>3\u20ac<\/td>\r\n    <\/tr>\r\n        <tr>\r\n        <td>Masa\u017ea lasi\u0161\u010da<\/td>\r\n        <td>5\u20ac<\/td>\r\n    <\/tr>\r\n        <tr>\r\n        <td>Globinska obloga v kremi<\/td>\r\n        <td>5\u20ac<\/td>\r\n    <\/tr>\r\n    <tr>\r\n        <td>Globinska nega<\/td>\r\n        <td>20\u20ac<\/td>\r\n    <\/tr>\r\n<\/table>\t\t<\/div>\n\t\t\t\t<\/div>\n\t\t\t\t<div class=\"elementor-element elementor-element-ffd0f8d elementor-widget-divider--separator-type-pattern elementor-widget-divider--view-line elementor-widget elementor-widget-divider\" data-id=\"ffd0f8d\" data-element_type=\"widget\" data-widget_type=\"divider.default\">\n\t\t\t\t<div class=\"elementor-widget-container\">\n\t\t\t\t\t<div class=\"elementor-divider\" style=\"--divider-pattern-url: url(&quot;data:image\/svg+xml,%3Csvg xmlns=&#039;http:\/\/www.w3.org\/2000\/svg&#039; preserveAspectRatio=&#039;none&#039; overflow=&#039;visible&#039; height=&#039;100%&#039; viewBox=&#039;0 0 24 24&#039; fill=&#039;none&#039; stroke=&#039;black&#039; stroke-width=&#039;1&#039; stroke-linecap=&#039;square&#039; stroke-miterlimit=&#039;10&#039;%3E%3Cpath d=&#039;M0,6c6,0,0.9,11.1,6.9,11.1S18,6,24,6&#039;\/%3E%3C\/svg%3E&quot;);\">\n\t\t\t<span class=\"elementor-divider-separator\">\n\t\t\t\t\t\t<\/span>\n\t\t<\/div>\n\t\t\t\t<\/div>\n\t\t\t\t<\/div>\n\t\t\t\t<div class=\"elementor-element elementor-element-cffabfd elementor-widget elementor-widget-heading\" data-id=\"cffabfd\" data-element_type=\"widget\" data-widget_type=\"heading.default\">\n\t\t\t\t<div class=\"elementor-widget-container\">\n\t\t\t<h2 class=\"elementor-heading-title elementor-size-default\">BARVANJE<\/h2>\t\t<\/div>\n\t\t\t\t<\/div>\n\t\t\t\t<div class=\"elementor-element elementor-element-341d4a1 elementor-widget elementor-widget-html\" data-id=\"341d4a1\" data-element_type=\"widget\" data-widget_type=\"html.default\">\n\t\t\t\t<div class=\"elementor-widget-container\">\n\t\t\t<table>\r\n    <tr>\r\n        <td>Narastek do 40 ml<\/td>\r\n        <td>36\u20ac<\/td>\r\n    <\/tr>\r\n        <tr>\r\n        <td>Narastek do 60 ml<\/td>\r\n        <td>39\u20ac<\/td>\r\n    <\/tr>\r\n        <tr>\r\n        <td>Narastek do 80 ml<\/td>\r\n        <td>42\u20ac<\/td>\r\n    <\/tr>\r\n        <tr>\r\n        <td>Cela dol\u017eina<\/td>\r\n        <td>55\u20ac<\/td>\r\n    <\/tr>\r\n        <tr>\r\n        <td>Posvetlitev las - kratki lasje<\/td>\r\n        <td>50\u20ac<\/td>\r\n    <\/tr>\r\n        <tr>\r\n        <td>Posvetlitev las \u2013 dolgi lasje<\/td>\r\n        <td>70\u20ac<\/td>\r\n    <\/tr>\r\n        <tr>\r\n        <td>Toniranje po svetljenju<\/td>\r\n        <td>30\u20ac<\/td>\r\n    <\/tr>\r\n        <tr>\r\n        <td>Toniranje po barvanju<\/td>\r\n        <td>20\u20ac<\/td>\r\n    <\/tr>\r\n        <tr>\r\n        <td>Dodatna tuba<\/td>\r\n        <td>15\u20ac<\/td>\r\n    <\/tr>\r\n        <tr>\r\n        <td>Pramena<\/td>\r\n        <td>70\u20ac<\/td>\r\n    <\/tr>\r\n        <tr>\r\n        <td>Pramena - dolgi lasje<\/td>\r\n        <td>90\u20ac<\/td>\r\n    <\/tr>\r\n        <tr>\r\n        <td>Pramena 3\/4<\/td>\r\n        <td>65\u20ac<\/td>\r\n    <\/tr>\r\n        <tr>\r\n        <td>Pramena - par pramen<\/td>\r\n        <td>35\u20ac<\/td>\r\n    <\/tr>\r\n        <tr>\r\n        <td>Prine\u0161ena barva<\/td>\r\n        <td>25\u20ac<\/td>\r\n    <\/tr>\r\n    <tr>\r\n        <td>Barvanje obrvi<\/td>\r\n        <td>4\u20ac<\/td>\r\n    <\/tr>\r\n<\/table>\t\t<\/div>\n\t\t\t\t<\/div>\n\t\t\t\t<div class=\"elementor-element elementor-element-2e9ad36 elementor-widget-divider--separator-type-pattern elementor-widget-divider--view-line elementor-widget elementor-widget-divider\" data-id=\"2e9ad36\" data-element_type=\"widget\" data-widget_type=\"divider.default\">\n\t\t\t\t<div class=\"elementor-widget-container\">\n\t\t\t\t\t<div class=\"elementor-divider\" style=\"--divider-pattern-url: url(&quot;data:image\/svg+xml,%3Csvg xmlns=&#039;http:\/\/www.w3.org\/2000\/svg&#039; preserveAspectRatio=&#039;none&#039; overflow=&#039;visible&#039; height=&#039;100%&#039; viewBox=&#039;0 0 24 24&#039; fill=&#039;none&#039; stroke=&#039;black&#039; stroke-width=&#039;1&#039; stroke-linecap=&#039;square&#039; stroke-miterlimit=&#039;10&#039;%3E%3Cpath d=&#039;M0,6c6,0,0.9,11.1,6.9,11.1S18,6,24,6&#039;\/%3E%3C\/svg%3E&quot;);\">\n\t\t\t<span class=\"elementor-divider-separator\">\n\t\t\t\t\t\t<\/span>\n\t\t<\/div>\n\t\t\t\t<\/div>\n\t\t\t\t<\/div>\n\t\t\t\t\t\t<\/div>\n\t\t\t\t\t<\/div>\n\t\t<\/div>\n\t\t\t\t\t\t\t\t<\/div>\n\t\t\t\t\t<\/div>\n\t\t<\/section>\n\t\t\t\t\t\t<\/div>\n\t\t\t\t\t\t<\/div>\n\t\t\t\t\t<\/div>\n\t\t","protected":false},"excerpt":{"rendered":"<p>STRI\u017dENJE \u017densko stri\u017eenje \u2013 kratki lasje 30\u20ac \u017densko stri\u017eenje \u2013 srednja dol. 35\u20ac \u017densko stri\u017eenje \u2013 dolgi lasje 38\u20ac Fru Fru 5\u20ac Mo\u0161ko klasi\u010dno stri\u017eenje z umivanjem 20\u20ac Mo\u0161ko klasi\u010dno stri\u017eenje brez umivanja 18\u20ac Mo\u0161ko kreativno stri\u017eenje + styling 22\u20ac Dekli\u0161ko stri\u017eenje 1 20\u20ac Dekli\u0161ko stri\u017eenje 2 22\u20ac Dekli\u0161ko stri\u017eenje 3 28\u20ac Fantovsko stri\u017eenje 15\u20ac Otro\u0161ko do 6 let 13\u20ac STILIRANJE Fen &#8211; kratki lasje 16\u20ac Fen &#8211; srednja dol\u017eina 18\u20ac Fen \u2013 dolgi lasje 20\u20ac Samostojno \u010desanje 8\u20ac Gladkanje 8\u20ac Kodranje 20\u20ac Kitka 1\/2 6\u20ac\/8\u20ac Lasni podalj\u0161ek za kitke 15\u20ac Mo\u0161ki &#8211; fen + umivanje 6\u20ac Urejanje brade 5\u20ac&#8230; <\/p>\n","protected":false},"author":1,"featured_media":0,"parent":0,"menu_order":0,"comment_status":"closed","ping_status":"closed","template":"template-parts\/template-full-width.php","meta":{"footnotes":""},"class_list":["post-1966","page","type-page","status-publish","hentry"],"_links":{"self":[{"href":"https:\/\/www.hairaffair.si\/index.php?rest_route=\/wp\/v2\/pages\/1966","targetHints":{"allow":["GET"]}}],"collection":[{"href":"https:\/\/www.hairaffair.si\/index.php?rest_route=\/wp\/v2\/pages"}],"about":[{"href":"https:\/\/www.hairaffair.si\/index.php?rest_route=\/wp\/v2\/types\/page"}],"author":[{"embeddable":true,"href":"https:\/\/www.hairaffair.si\/index.php?rest_route=\/wp\/v2\/users\/1"}],"replies":[{"embeddable":true,"href":"https:\/\/www.hairaffair.si\/index.php?rest_route=%2Fwp%2Fv2%2Fcomments&post=1966"}],"version-history":[{"count":76,"href":"https:\/\/www.hairaffair.si\/index.php?rest_route=\/wp\/v2\/pages\/1966\/revisions"}],"predecessor-version":[{"id":2329,"href":"https:\/\/www.hairaffair.si\/index.php?rest_route=\/wp\/v2\/pages\/1966\/revisions\/2329"}],"wp:attachment":[{"href":"https:\/\/www.hairaffair.si\/index.php?rest_route=%2Fwp%2Fv2%2Fmedia&parent=1966"}],"curies":[{"name":"wp","href":"https:\/\/api.w.org\/{rel}","templated":true}]}}